{"id":11860,"date":"2024-10-07T08:02:43","date_gmt":"2024-10-07T08:02:43","guid":{"rendered":"https:\/\/dev.lucaoccelli.com\/?page_id=11860"},"modified":"2024-10-07T08:29:55","modified_gmt":"2024-10-07T08:29:55","slug":"chi-e-il-counselor-metafisico","status":"publish","type":"page","link":"https:\/\/dev.lucaoccelli.com\/it\/chi-e-il-counselor-metafisico\/","title":{"rendered":"Chi \u00e8 il Counselor Metafisico"},"content":{"rendered":"\t\t<div data-elementor-type=\"wp-page\" data-elementor-id=\"11860\" class=\"elementor elementor-11860\" data-elementor-post-type=\"page\">\n\t\t\t\t<div class=\"elementor-element elementor-element-bbee983 e-con-full e-flex e-con e-parent\" data-id=\"bbee983\" data-element_type=\"container\">\n\t\t\t\t<div class=\"elementor-element elementor-element-c3ed334 elementor-widget elementor-widget-image\" data-id=\"c3ed334\" data-element_type=\"widget\" data-widget_type=\"image.default\">\n\t\t\t\t<div class=\"elementor-widget-container\">\n\t\t\t\t\t\t\t\t\t\t\t\t\t<img fetchpriority=\"high\" decoding=\"async\" width=\"1792\" height=\"436\" src=\"https:\/\/dev.lucaoccelli.com\/wp-content\/uploads\/2024\/10\/DALL\u00b7E-2024-10-07-10.01.28-A-serene-and-elegant-image-in-soft-cream-and-gray-tones-representing-holistic-counseling.-The-image-should-be-full-width-wide-and-should-reflect-a-.jpg\" class=\"attachment-full size-full wp-image-11868\" alt=\"\" srcset=\"https:\/\/dev.lucaoccelli.com\/wp-content\/uploads\/2024\/10\/DALL\u00b7E-2024-10-07-10.01.28-A-serene-and-elegant-image-in-soft-cream-and-gray-tones-representing-holistic-counseling.-The-image-should-be-full-width-wide-and-should-reflect-a-.jpg 1792w, https:\/\/dev.lucaoccelli.com\/wp-content\/uploads\/2024\/10\/DALL\u00b7E-2024-10-07-10.01.28-A-serene-and-elegant-image-in-soft-cream-and-gray-tones-representing-holistic-counseling.-The-image-should-be-full-width-wide-and-should-reflect-a--300x73.jpg 300w, https:\/\/dev.lucaoccelli.com\/wp-content\/uploads\/2024\/10\/DALL\u00b7E-2024-10-07-10.01.28-A-serene-and-elegant-image-in-soft-cream-and-gray-tones-representing-holistic-counseling.-The-image-should-be-full-width-wide-and-should-reflect-a--1024x249.jpg 1024w, https:\/\/dev.lucaoccelli.com\/wp-content\/uploads\/2024\/10\/DALL\u00b7E-2024-10-07-10.01.28-A-serene-and-elegant-image-in-soft-cream-and-gray-tones-representing-holistic-counseling.-The-image-should-be-full-width-wide-and-should-reflect-a--768x187.jpg 768w, https:\/\/dev.lucaoccelli.com\/wp-content\/uploads\/2024\/10\/DALL\u00b7E-2024-10-07-10.01.28-A-serene-and-elegant-image-in-soft-cream-and-gray-tones-representing-holistic-counseling.-The-image-should-be-full-width-wide-and-should-reflect-a--1536x374.jpg 1536w, https:\/\/dev.lucaoccelli.com\/wp-content\/uploads\/2024\/10\/DALL\u00b7E-2024-10-07-10.01.28-A-serene-and-elegant-image-in-soft-cream-and-gray-tones-representing-holistic-counseling.-The-image-should-be-full-width-wide-and-should-reflect-a--600x146.jpg 600w\" sizes=\"(max-width: 1792px) 100vw, 1792px\" \/>\t\t\t\t\t\t\t\t\t\t\t\t\t<\/div>\n\t\t\t\t<\/div>\n\t\t\t\t<\/div>\n\t\t<div class=\"elementor-element elementor-element-e3593c9 e-flex e-con-boxed e-con e-parent\" data-id=\"e3593c9\" data-element_type=\"container\">\n\t\t\t\t\t<div class=\"e-con-inner\">\n\t\t\t\t<div class=\"elementor-element elementor-element-e554749 elementor-widget elementor-widget-text-editor\" data-id=\"e554749\" data-element_type=\"widget\" data-widget_type=\"text-editor.default\">\n\t\t\t\t<div class=\"elementor-widget-container\">\n\t\t\t\t\t\t\t<p>Il consulente olistico \u00e8 un professionista che aiuta il cliente a vivere felicemente e tiene in considerazione anche la componente spirituale della persona.<\/p><p>Molta importanza \u00e8 anche attribuita al sistema di credenze del cliente e l\u2019influenza che queste possono avere su come percepisce se stessa\/o, gli altri e la vita.<\/p><p>Una delle\u00a0differenze principali tra la \u00a0consulenza olistica e altre modalit\u00e0 di assistenza alla persona \u00e8 che il primo \u00e8 un approccio spirituale della persona e della Vita. Se\u00a0ci\u00f2 non viene tenuto in considerazione \u00e8 solo possibile agire\u00a0al livello dell\u2019ego che \u00e8 la\u00a0parte artificiale, costruita dell\u2019individuo da dove normalmente si genera la sofferenza.<\/p><p>Ho anche studiato psicologia e utilizzo queste conoscenze affiancate a quelle spirituali. Ci\u00f2\u00a0mi permette di avere gli strumenti per aiutare la componente psicologica e spirituale dell\u2019individuo. Questi due aspetti una volta riconosciuti e compresi possono coesistere armoniosamente.<\/p><p><a href=\"https:\/\/dev.lucaoccelli.com\/consulenze-e-programmi\/\"><strong>PRENOTA ADESSO UN APPUNTAMENTO<\/strong><\/a><\/p>\t\t\t\t\t\t<\/div>\n\t\t\t\t<\/div>\n\t\t\t\t<div class=\"elementor-element elementor-element-fb1fa68 elementor-widget elementor-widget-spacer\" data-id=\"fb1fa68\" data-element_type=\"widget\" data-widget_type=\"spacer.default\">\n\t\t\t\t<div class=\"elementor-widget-container\">\n\t\t\t\t\t<div class=\"elementor-spacer\">\n\t\t\t<div class=\"elementor-spacer-inner\"><\/div>\n\t\t<\/div>\n\t\t\t\t<\/div>\n\t\t\t\t<\/div>\n\t\t\t\t\t<\/div>\n\t\t\t\t<\/div>\n\t\t\t\t<\/div>\n\t\t","protected":false},"excerpt":{"rendered":"<p>Il consulente olistico \u00e8 un professionista che aiuta il cliente a vivere felicemente e tiene in considerazione anche la componente spirituale della persona. Molta importanza \u00e8 anche attribuita al sistema di credenze del cliente e l\u2019influenza che queste possono avere su come percepisce se stessa\/o, gli altri e la vita. Una delle\u00a0differenze principali tra la [&hellip;]<\/p>\n","protected":false},"author":1,"featured_media":0,"parent":0,"menu_order":0,"comment_status":"closed","ping_status":"closed","template":"","meta":{"footnotes":""},"class_list":["post-11860","page","type-page","status-publish","hentry"],"_links":{"self":[{"href":"https:\/\/dev.lucaoccelli.com\/it\/wp-json\/wp\/v2\/pages\/11860","targetHints":{"allow":["GET"]}}],"collection":[{"href":"https:\/\/dev.lucaoccelli.com\/it\/wp-json\/wp\/v2\/pages"}],"about":[{"href":"https:\/\/dev.lucaoccelli.com\/it\/wp-json\/wp\/v2\/types\/page"}],"author":[{"embeddable":true,"href":"https:\/\/dev.lucaoccelli.com\/it\/wp-json\/wp\/v2\/users\/1"}],"replies":[{"embeddable":true,"href":"https:\/\/dev.lucaoccelli.com\/it\/wp-json\/wp\/v2\/comments?post=11860"}],"version-history":[{"count":13,"href":"https:\/\/dev.lucaoccelli.com\/it\/wp-json\/wp\/v2\/pages\/11860\/revisions"}],"predecessor-version":[{"id":11879,"href":"https:\/\/dev.lucaoccelli.com\/it\/wp-json\/wp\/v2\/pages\/11860\/revisions\/11879"}],"wp:attachment":[{"href":"https:\/\/dev.lucaoccelli.com\/it\/wp-json\/wp\/v2\/media?parent=11860"}],"curies":[{"name":"wp","href":"https:\/\/api.w.org\/{rel}","templated":true}]}}